{"id":8,"date":"2017-02-11T21:44:39","date_gmt":"2017-02-11T19:44:39","guid":{"rendered":"http:\/\/gaysauna.lv\/?page_id=8"},"modified":"2026-02-22T21:00:36","modified_gmt":"2026-02-22T19:00:36","slug":"par-mums","status":"publish","type":"page","link":"https:\/\/gaysauna.lv\/lv\/par-mums\/","title":{"rendered":"Par mums"},"content":{"rendered":"<p>M\u016bsu atp\u016btas komplekss ietver saunu 12 cilv\u0113kiem, infrasarkano vi\u013c\u0146u kab\u012bni 2 cilv\u0113kiem un Jacuzzi (burbu\u013cvannu) 2 cilv\u0113kiem.<\/p>\n<p>Piektdien\u0101s un sestdien\u0101s sauna ir paredz\u0113ta VIEN\u012aGI <em>homoseksu\u0101liem<\/em> un <em>biseksu\u0101liem<\/em> v\u012brie\u0161iem un vi\u0146u draugiem!<\/p>\n<p>Uz kompleksa apmekl\u0113juma laiku klients sa\u0146em lieto\u0161an\u0101:<br \/>\n&#8212; lielo pirts dvieli<br \/>\n&#8212; lielo sl\u0113dzamo dr\u0113bju skap\u012bti<br \/>\n&#8212; dezinfic\u0113tas \u010d\u012bbas<\/p>\n<p><span style=\"color: #ff0000;\">JAUNUMS<\/span><br \/>\n&#8212; katram apmekl\u0113t\u0101jam ir iesp\u0113ja skat\u012bties pornogr\u0101fiskas filmas (jeb porno un XXX filmas) div\u0101s \u012bpa\u0161i apr\u012bkot\u0101s z\u0101l\u0113s. Filmu skat\u012b\u0161an\u0101s iesp\u0113ja ietilpst saunas apmekl\u0113juma cen\u0101.<\/p>\n<p><span style=\"color: #008000;\">18+<\/span><br \/>\nIeeja TIKAI PILNGAD\u012aGIEM apmekl\u0113t\u0101jiem!<\/p>\n<p><span style=\"color: #008000;\">Ieejas maksa:<\/span><br \/>\nSamazin\u0101ta saunas apmekl\u0113juma cena: tagad tikai 16 EUR!<\/p>\n<p><span style=\"color: #FF0000;\">Aizliegts ienest savus dz\u0113rienus!<\/span><\/p>\n<p>\n<span style=\"color:#008000;\">Sauna ir atv\u0113rta!<\/span><br \/>\nEsat gaid\u012bti sestdien\u0101s no 20:00 l\u012bdz 08:00\n<\/p>\n<div id='gallery-1' class='gallery galleryid-8 gallery-columns-3 gallery-size-thumbnail'><figure class='gallery-item'>\n\t\t\t<div class='gallery-icon landscape'>\n\t\t\t\t<a href='https:\/\/gaysauna.lv\/lv\/par-mums\/attachment\/012\/'><img loading=\"lazy\" decoding=\"async\" width=\"150\" height=\"150\" src=\"https:\/\/gaysauna.lv\/lv\/wp-content\/uploads\/2023\/06\/012-150x150.jpg\" class=\"attachment-thumbnail size-thumbnail\" alt=\"\" srcset=\"https:\/\/gaysauna.lv\/lv\/wp-content\/uploads\/2023\/06\/012-150x150.jpg 150w, https:\/\/gaysauna.lv\/lv\/wp-content\/uploads\/2023\/06\/012-100x100.jpg 100w\" sizes=\"auto, 100vw\" \/><\/a>\n\t\t\t<\/div><\/figure><figure class='gallery-item'>\n\t\t\t<div class='gallery-icon landscape'>\n\t\t\t\t<a href='https:\/\/gaysauna.lv\/lv\/par-mums\/attachment\/013\/'><img loading=\"lazy\" decoding=\"async\" width=\"150\" height=\"150\" src=\"https:\/\/gaysauna.lv\/lv\/wp-content\/uploads\/2023\/06\/013-150x150.jpg\" class=\"attachment-thumbnail size-thumbnail\" alt=\"\" srcset=\"https:\/\/gaysauna.lv\/lv\/wp-content\/uploads\/2023\/06\/013-150x150.jpg 150w, https:\/\/gaysauna.lv\/lv\/wp-content\/uploads\/2023\/06\/013-100x100.jpg 100w\" sizes=\"auto, 100vw\" \/><\/a>\n\t\t\t<\/div><\/figure><figure class='gallery-item'>\n\t\t\t<div class='gallery-icon portrait'>\n\t\t\t\t<a href='https:\/\/gaysauna.lv\/lv\/par-mums\/attachment\/015\/'><img loading=\"lazy\" decoding=\"async\" width=\"150\" height=\"150\" src=\"https:\/\/gaysauna.lv\/lv\/wp-content\/uploads\/2023\/06\/015-150x150.jpg\" class=\"attachment-thumbnail size-thumbnail\" alt=\"\" srcset=\"https:\/\/gaysauna.lv\/lv\/wp-content\/uploads\/2023\/06\/015-150x150.jpg 150w, https:\/\/gaysauna.lv\/lv\/wp-content\/uploads\/2023\/06\/015-100x100.jpg 100w\" sizes=\"auto, 100vw\" \/><\/a>\n\t\t\t<\/div><\/figure>\n\t\t<\/div>\n\n","protected":false},"excerpt":{"rendered":"<p>M\u016bsu atp\u016btas komplekss ietver saunu 12 cilv\u0113kiem, infrasarkano vi\u013c\u0146u kab\u012bni 2 cilv\u0113kiem un Jacuzzi (burbu\u013cvannu) 2 cilv\u0113kiem. Piektdien\u0101s un sestdien\u0101s sauna ir paredz\u0113ta VIEN\u012aGI homoseksu\u0101liem un biseksu\u0101liem v\u012brie\u0161iem un vi\u0146u draugiem! Uz kompleksa apmekl\u0113juma laiku klients sa\u0146em lieto\u0161an\u0101: &#8212; lielo pirts dvieli &#8212; lielo sl\u0113dzamo dr\u0113bju skap\u012bti &#8212; dezinfic\u0113tas \u010d\u012bbas JAUNUMS &#8212; katram apmekl\u0113t\u0101jam ir &hellip; <\/p>\n<p class=\"link-more\"><a href=\"https:\/\/gaysauna.lv\/lv\/par-mums\/\" class=\"more-link\">Continue reading<span class=\"screen-reader-text\"> &#8220;Par mums&#8221;<\/span><\/a><\/p>\n","protected":false},"author":1,"featured_media":0,"parent":0,"menu_order":0,"comment_status":"closed","ping_status":"closed","template":"","meta":{"footnotes":""},"class_list":["post-8","page","type-page","status-publish","hentry"],"_links":{"self":[{"href":"https:\/\/gaysauna.lv\/lv\/wp-json\/wp\/v2\/pages\/8","targetHints":{"allow":["GET"]}}],"collection":[{"href":"https:\/\/gaysauna.lv\/lv\/wp-json\/wp\/v2\/pages"}],"about":[{"href":"https:\/\/gaysauna.lv\/lv\/wp-json\/wp\/v2\/types\/page"}],"author":[{"embeddable":true,"href":"https:\/\/gaysauna.lv\/lv\/wp-json\/wp\/v2\/users\/1"}],"replies":[{"embeddable":true,"href":"https:\/\/gaysauna.lv\/lv\/wp-json\/wp\/v2\/comments?post=8"}],"version-history":[{"count":58,"href":"https:\/\/gaysauna.lv\/lv\/wp-json\/wp\/v2\/pages\/8\/revisions"}],"predecessor-version":[{"id":469,"href":"https:\/\/gaysauna.lv\/lv\/wp-json\/wp\/v2\/pages\/8\/revisions\/469"}],"wp:attachment":[{"href":"https:\/\/gaysauna.lv\/lv\/wp-json\/wp\/v2\/media?parent=8"}],"curies":[{"name":"wp","href":"https:\/\/api.w.org\/{rel}","templated":true}]}}