{"id":73,"date":"2017-02-11T23:56:47","date_gmt":"2017-02-11T21:56:47","guid":{"rendered":"http:\/\/gaysauna.lv\/?page_id=73"},"modified":"2026-02-22T20:59:54","modified_gmt":"2026-02-22T18:59:54","slug":"kontakti","status":"publish","type":"page","link":"https:\/\/gaysauna.lv\/lv\/kontakti\/","title":{"rendered":"Kontakti"},"content":{"rendered":"<p><strong>Adrese<\/strong><br \/>\nAlfr\u0113da Kalni\u0146a iela 8<br \/>\nR\u012bga, Latvija<br \/>\nUzzi\u0146as pa t\u0101lruni: (+371) 67282171<\/p>\n<p>Saunas r\u012bkot\u0101js: uz\u0146\u0113mums &#8220;Politest&#8221;.<br \/>\nJuridisk\u0101 adrese: R\u012bga, Kr.Valdem\u0101ra 94, LV-1013<br \/>\nRe\u0123. nr.: 40103026968<br \/>\nT\u0101lrunis: (+371) 67282171<\/p>\n<p><span style=\"color: #008000;\">18+<\/span><br \/>\nIeeja TIKAI PILNGAD\u012aGIEM apmekl\u0113t\u0101jiem!<\/p>\n<p><span style=\"color: #008000;\">Ieejas maksa:<\/span><br \/>\nSamazin\u0101ta saunas apmekl\u0113juma cena: tagad tikai 16 EUR!<\/p>\n<p><span style=\"color: #FF0000;\">Aizliegts ienest savus dz\u0113rienus!<\/span><\/p>\n<p>\n<span style=\"color:#008000;\">Sauna ir atv\u0113rta!<\/span><br \/>\nEsat gaid\u012bti sestdien\u0101s no 20:00 l\u012bdz 08:00\n<\/p>\n\n<!-- iframe plugin v.6.0 wordpress.org\/plugins\/iframe\/ -->\n<iframe loading=\"lazy\" width=\"640\" height=\"480\" src=\"https:\/\/www.google.com\/maps\/d\/embed?mid=1iVSLBk6ELxWgilBYptPW2qwZsKo\" scrolling=\"yes\" class=\"iframe-class\" frameborder=\"0\"><\/iframe>\n\n","protected":false},"excerpt":{"rendered":"<p>Adrese Alfr\u0113da Kalni\u0146a iela 8 R\u012bga, Latvija Uzzi\u0146as pa t\u0101lruni: (+371) 67282171 Saunas r\u012bkot\u0101js: uz\u0146\u0113mums &#8220;Politest&#8221;. Juridisk\u0101 adrese: R\u012bga, Kr.Valdem\u0101ra 94, LV-1013 Re\u0123. nr.: 40103026968 T\u0101lrunis: (+371) 67282171 18+ Ieeja TIKAI PILNGAD\u012aGIEM apmekl\u0113t\u0101jiem! Ieejas maksa: Samazin\u0101ta saunas apmekl\u0113juma cena: tagad tikai 16 EUR! Aizliegts ienest savus dz\u0113rienus! Sauna ir atv\u0113rta! Esat gaid\u012bti sestdien\u0101s no 20:00 &hellip; <\/p>\n<p class=\"link-more\"><a href=\"https:\/\/gaysauna.lv\/lv\/kontakti\/\" class=\"more-link\">Continue reading<span class=\"screen-reader-text\"> &#8220;Kontakti&#8221;<\/span><\/a><\/p>\n","protected":false},"author":1,"featured_media":0,"parent":0,"menu_order":0,"comment_status":"closed","ping_status":"closed","template":"","meta":{"footnotes":""},"class_list":["post-73","page","type-page","status-publish","hentry"],"_links":{"self":[{"href":"https:\/\/gaysauna.lv\/lv\/wp-json\/wp\/v2\/pages\/73","targetHints":{"allow":["GET"]}}],"collection":[{"href":"https:\/\/gaysauna.lv\/lv\/wp-json\/wp\/v2\/pages"}],"about":[{"href":"https:\/\/gaysauna.lv\/lv\/wp-json\/wp\/v2\/types\/page"}],"author":[{"embeddable":true,"href":"https:\/\/gaysauna.lv\/lv\/wp-json\/wp\/v2\/users\/1"}],"replies":[{"embeddable":true,"href":"https:\/\/gaysauna.lv\/lv\/wp-json\/wp\/v2\/comments?post=73"}],"version-history":[{"count":102,"href":"https:\/\/gaysauna.lv\/lv\/wp-json\/wp\/v2\/pages\/73\/revisions"}],"predecessor-version":[{"id":468,"href":"https:\/\/gaysauna.lv\/lv\/wp-json\/wp\/v2\/pages\/73\/revisions\/468"}],"wp:attachment":[{"href":"https:\/\/gaysauna.lv\/lv\/wp-json\/wp\/v2\/media?parent=73"}],"curies":[{"name":"wp","href":"https:\/\/api.w.org\/{rel}","templated":true}]}}