{"id":427,"date":"2024-11-28T18:23:07","date_gmt":"2024-11-28T16:23:07","guid":{"rendered":"https:\/\/gaysauna.lv\/lv\/?page_id=427"},"modified":"2024-11-28T18:34:20","modified_gmt":"2024-11-28T16:34:20","slug":"noma","status":"publish","type":"page","link":"https:\/\/gaysauna.lv\/lv\/noma\/","title":{"rendered":"Noma"},"content":{"rendered":"<p><strong>Saunas noma<\/strong><\/p>\n<p>Pied\u0101v\u0101jam iznom\u0101t saunu J\u016bsu priv\u0101tiem pas\u0101kumiem.<\/p>\n<p>Minim\u0101lais rezerv\u0113jamais laiks ir: 6 stundas, cena: no 35 EUR\/stund\u0101.<\/p>\n<p>Saunas ietilp\u012bba ir: 18 cilv\u0113ki.<\/p>\n<p>Info: gaysauna.lv@inbox.lv<\/p>\n","protected":false},"excerpt":{"rendered":"<p>Saunas noma Pied\u0101v\u0101jam iznom\u0101t saunu J\u016bsu priv\u0101tiem pas\u0101kumiem. Minim\u0101lais rezerv\u0113jamais laiks ir: 6 stundas, cena: no 35 EUR\/stund\u0101. Saunas ietilp\u012bba ir: 18 cilv\u0113ki. Info: gaysauna.lv@inbox.lv<\/p>\n","protected":false},"author":1,"featured_media":0,"parent":0,"menu_order":0,"comment_status":"closed","ping_status":"closed","template":"","meta":{"footnotes":""},"class_list":["post-427","page","type-page","status-publish","hentry"],"_links":{"self":[{"href":"https:\/\/gaysauna.lv\/lv\/wp-json\/wp\/v2\/pages\/427","targetHints":{"allow":["GET"]}}],"collection":[{"href":"https:\/\/gaysauna.lv\/lv\/wp-json\/wp\/v2\/pages"}],"about":[{"href":"https:\/\/gaysauna.lv\/lv\/wp-json\/wp\/v2\/types\/page"}],"author":[{"embeddable":true,"href":"https:\/\/gaysauna.lv\/lv\/wp-json\/wp\/v2\/users\/1"}],"replies":[{"embeddable":true,"href":"https:\/\/gaysauna.lv\/lv\/wp-json\/wp\/v2\/comments?post=427"}],"version-history":[{"count":3,"href":"https:\/\/gaysauna.lv\/lv\/wp-json\/wp\/v2\/pages\/427\/revisions"}],"predecessor-version":[{"id":431,"href":"https:\/\/gaysauna.lv\/lv\/wp-json\/wp\/v2\/pages\/427\/revisions\/431"}],"wp:attachment":[{"href":"https:\/\/gaysauna.lv\/lv\/wp-json\/wp\/v2\/media?parent=427"}],"curies":[{"name":"wp","href":"https:\/\/api.w.org\/{rel}","templated":true}]}}