{"id":370,"date":"2024-01-15T22:28:07","date_gmt":"2024-01-15T20:28:07","guid":{"rendered":"https:\/\/gaysauna.lv\/lv\/?page_id=370"},"modified":"2026-02-22T20:59:04","modified_gmt":"2026-02-22T18:59:04","slug":"sakums","status":"publish","type":"page","link":"https:\/\/gaysauna.lv\/lv\/","title":{"rendered":"S\u0101kums"},"content":{"rendered":"<p>Laipni l\u016bdzam m\u016bsu saun\u0101!<\/p>\n<p>\n<b style=\"color:#008000;\">Sauna ir atv\u0113rta!<\/b><br \/>\nEsat gaid\u012bti sestdien\u0101s no 20:00 l\u012bdz 08:00\n<\/p>\n<p><span style=\"color: #008000;\">Ieejas maksa ir samazin\u0101ta:<\/span><br \/>\nSaunas apmekl\u0113juma cena: tagad tikai 16 EUR!<\/p>\n<p><span style=\"color: #FF0000;\">Aizliegts ienest savus dz\u0113rienus!<\/span><\/p>\n","protected":false},"excerpt":{"rendered":"<p>Laipni l\u016bdzam m\u016bsu saun\u0101! Sauna ir atv\u0113rta! Esat gaid\u012bti sestdien\u0101s no 20:00 l\u012bdz 08:00 Ieejas maksa ir samazin\u0101ta: Saunas apmekl\u0113juma cena: tagad tikai 16 EUR! Aizliegts ienest savus dz\u0113rienus!<\/p>\n","protected":false},"author":1,"featured_media":0,"parent":0,"menu_order":0,"comment_status":"closed","ping_status":"closed","template":"","meta":{"footnotes":""},"class_list":["post-370","page","type-page","status-publish","hentry"],"_links":{"self":[{"href":"https:\/\/gaysauna.lv\/lv\/wp-json\/wp\/v2\/pages\/370","targetHints":{"allow":["GET"]}}],"collection":[{"href":"https:\/\/gaysauna.lv\/lv\/wp-json\/wp\/v2\/pages"}],"about":[{"href":"https:\/\/gaysauna.lv\/lv\/wp-json\/wp\/v2\/types\/page"}],"author":[{"embeddable":true,"href":"https:\/\/gaysauna.lv\/lv\/wp-json\/wp\/v2\/users\/1"}],"replies":[{"embeddable":true,"href":"https:\/\/gaysauna.lv\/lv\/wp-json\/wp\/v2\/comments?post=370"}],"version-history":[{"count":26,"href":"https:\/\/gaysauna.lv\/lv\/wp-json\/wp\/v2\/pages\/370\/revisions"}],"predecessor-version":[{"id":467,"href":"https:\/\/gaysauna.lv\/lv\/wp-json\/wp\/v2\/pages\/370\/revisions\/467"}],"wp:attachment":[{"href":"https:\/\/gaysauna.lv\/lv\/wp-json\/wp\/v2\/media?parent=370"}],"curies":[{"name":"wp","href":"https:\/\/api.w.org\/{rel}","templated":true}]}}