{"id":330,"date":"2023-06-10T16:07:22","date_gmt":"2023-06-10T14:07:22","guid":{"rendered":"https:\/\/gaysauna.lv\/lv\/?page_id=330"},"modified":"2024-11-12T21:56:09","modified_gmt":"2024-11-12T19:56:09","slug":"galerija","status":"publish","type":"page","link":"https:\/\/gaysauna.lv\/lv\/galerija\/","title":{"rendered":"Galerija"},"content":{"rendered":"<div id='gallery-1' class='gallery galleryid-330 gallery-columns-4 gallery-size-thumbnail'><figure class='gallery-item'>\n\t\t\t<div class='gallery-icon portrait'>\n\t\t\t\t<a href='https:\/\/gaysauna.lv\/lv\/wp-content\/uploads\/2024\/01\/014.jpg'><img loading=\"lazy\" decoding=\"async\" width=\"150\" height=\"150\" src=\"https:\/\/gaysauna.lv\/lv\/wp-content\/uploads\/2024\/01\/014-150x150.jpg\" class=\"attachment-thumbnail size-thumbnail\" alt=\"Kam\u012bna z\u0101le\" aria-describedby=\"gallery-1-386\" srcset=\"https:\/\/gaysauna.lv\/lv\/wp-content\/uploads\/2024\/01\/014-150x150.jpg 150w, https:\/\/gaysauna.lv\/lv\/wp-content\/uploads\/2024\/01\/014-100x100.jpg 100w\" sizes=\"auto, 100vw\" \/><\/a>\n\t\t\t<\/div>\n\t\t\t\t<figcaption class='wp-caption-text gallery-caption' id='gallery-1-386'>\n\t\t\t\tKam\u012bna z\u0101le\n\t\t\t\t<\/figcaption><\/figure><figure class='gallery-item'>\n\t\t\t<div class='gallery-icon portrait'>\n\t\t\t\t<a href='https:\/\/gaysauna.lv\/lv\/wp-content\/uploads\/2024\/01\/010.jpg'><img loading=\"lazy\" decoding=\"async\" width=\"150\" height=\"150\" src=\"https:\/\/gaysauna.lv\/lv\/wp-content\/uploads\/2024\/01\/010-150x150.jpg\" class=\"attachment-thumbnail size-thumbnail\" alt=\"Kam\u012bna z\u0101le\" aria-describedby=\"gallery-1-385\" srcset=\"https:\/\/gaysauna.lv\/lv\/wp-content\/uploads\/2024\/01\/010-150x150.jpg 150w, https:\/\/gaysauna.lv\/lv\/wp-content\/uploads\/2024\/01\/010-100x100.jpg 100w\" sizes=\"auto, 100vw\" \/><\/a>\n\t\t\t<\/div>\n\t\t\t\t<figcaption class='wp-caption-text gallery-caption' id='gallery-1-385'>\n\t\t\t\tKam\u012bna z\u0101le\n\t\t\t\t<\/figcaption><\/figure><figure class='gallery-item'>\n\t\t\t<div class='gallery-icon portrait'>\n\t\t\t\t<a href='https:\/\/gaysauna.lv\/lv\/wp-content\/uploads\/2024\/01\/008.jpg'><img loading=\"lazy\" decoding=\"async\" width=\"150\" height=\"150\" src=\"https:\/\/gaysauna.lv\/lv\/wp-content\/uploads\/2024\/01\/008-150x150.jpg\" class=\"attachment-thumbnail size-thumbnail\" alt=\"Skatuve\" aria-describedby=\"gallery-1-383\" srcset=\"https:\/\/gaysauna.lv\/lv\/wp-content\/uploads\/2024\/01\/008-150x150.jpg 150w, https:\/\/gaysauna.lv\/lv\/wp-content\/uploads\/2024\/01\/008-100x100.jpg 100w\" sizes=\"auto, 100vw\" \/><\/a>\n\t\t\t<\/div>\n\t\t\t\t<figcaption class='wp-caption-text gallery-caption' id='gallery-1-383'>\n\t\t\t\tSkatuve\n\t\t\t\t<\/figcaption><\/figure><figure class='gallery-item'>\n\t\t\t<div class='gallery-icon portrait'>\n\t\t\t\t<a href='https:\/\/gaysauna.lv\/lv\/wp-content\/uploads\/2024\/01\/007.jpg'><img loading=\"lazy\" decoding=\"async\" width=\"150\" height=\"150\" src=\"https:\/\/gaysauna.lv\/lv\/wp-content\/uploads\/2024\/01\/007-150x150.jpg\" class=\"attachment-thumbnail size-thumbnail\" alt=\"Burbu\u013cvanna\" aria-describedby=\"gallery-1-382\" srcset=\"https:\/\/gaysauna.lv\/lv\/wp-content\/uploads\/2024\/01\/007-150x150.jpg 150w, https:\/\/gaysauna.lv\/lv\/wp-content\/uploads\/2024\/01\/007-100x100.jpg 100w\" sizes=\"auto, 100vw\" \/><\/a>\n\t\t\t<\/div>\n\t\t\t\t<figcaption class='wp-caption-text gallery-caption' id='gallery-1-382'>\n\t\t\t\tBurbu\u013cvanna\n\t\t\t\t<\/figcaption><\/figure><figure class='gallery-item'>\n\t\t\t<div class='gallery-icon portrait'>\n\t\t\t\t<a href='https:\/\/gaysauna.lv\/lv\/wp-content\/uploads\/2024\/01\/003.jpg'><img loading=\"lazy\" decoding=\"async\" width=\"150\" height=\"150\" src=\"https:\/\/gaysauna.lv\/lv\/wp-content\/uploads\/2024\/01\/003-150x150.jpg\" class=\"attachment-thumbnail size-thumbnail\" alt=\"Burbu\u013cvanna\" aria-describedby=\"gallery-1-378\" srcset=\"https:\/\/gaysauna.lv\/lv\/wp-content\/uploads\/2024\/01\/003-150x150.jpg 150w, https:\/\/gaysauna.lv\/lv\/wp-content\/uploads\/2024\/01\/003-100x100.jpg 100w\" sizes=\"auto, 100vw\" \/><\/a>\n\t\t\t<\/div>\n\t\t\t\t<figcaption class='wp-caption-text gallery-caption' id='gallery-1-378'>\n\t\t\t\tBurbu\u013cvanna\n\t\t\t\t<\/figcaption><\/figure><figure class='gallery-item'>\n\t\t\t<div class='gallery-icon portrait'>\n\t\t\t\t<a href='https:\/\/gaysauna.lv\/lv\/wp-content\/uploads\/2024\/01\/004.jpg'><img loading=\"lazy\" decoding=\"async\" width=\"150\" height=\"150\" src=\"https:\/\/gaysauna.lv\/lv\/wp-content\/uploads\/2024\/01\/004-150x150.jpg\" class=\"attachment-thumbnail size-thumbnail\" alt=\"Divas du\u0161as\" aria-describedby=\"gallery-1-379\" srcset=\"https:\/\/gaysauna.lv\/lv\/wp-content\/uploads\/2024\/01\/004-150x150.jpg 150w, https:\/\/gaysauna.lv\/lv\/wp-content\/uploads\/2024\/01\/004-100x100.jpg 100w\" sizes=\"auto, 100vw\" \/><\/a>\n\t\t\t<\/div>\n\t\t\t\t<figcaption class='wp-caption-text gallery-caption' id='gallery-1-379'>\n\t\t\t\tDivas du\u0161as\n\t\t\t\t<\/figcaption><\/figure><figure class='gallery-item'>\n\t\t\t<div class='gallery-icon portrait'>\n\t\t\t\t<a href='https:\/\/gaysauna.lv\/lv\/wp-content\/uploads\/2024\/01\/005.jpg'><img loading=\"lazy\" decoding=\"async\" width=\"150\" height=\"150\" src=\"https:\/\/gaysauna.lv\/lv\/wp-content\/uploads\/2024\/01\/005-150x150.jpg\" class=\"attachment-thumbnail size-thumbnail\" alt=\"Infrasarkano vi\u013c\u0146u kab\u012bne\" aria-describedby=\"gallery-1-380\" srcset=\"https:\/\/gaysauna.lv\/lv\/wp-content\/uploads\/2024\/01\/005-150x150.jpg 150w, https:\/\/gaysauna.lv\/lv\/wp-content\/uploads\/2024\/01\/005-100x100.jpg 100w\" sizes=\"auto, 100vw\" \/><\/a>\n\t\t\t<\/div>\n\t\t\t\t<figcaption class='wp-caption-text gallery-caption' id='gallery-1-380'>\n\t\t\t\tInfrasarkano vi\u013c\u0146u kab\u012bne\n\t\t\t\t<\/figcaption><\/figure><figure class='gallery-item'>\n\t\t\t<div class='gallery-icon portrait'>\n\t\t\t\t<a href='https:\/\/gaysauna.lv\/lv\/wp-content\/uploads\/2024\/01\/006.jpg'><img loading=\"lazy\" decoding=\"async\" width=\"150\" height=\"150\" src=\"https:\/\/gaysauna.lv\/lv\/wp-content\/uploads\/2024\/01\/006-150x150.jpg\" class=\"attachment-thumbnail size-thumbnail\" alt=\"Sauna\" aria-describedby=\"gallery-1-381\" srcset=\"https:\/\/gaysauna.lv\/lv\/wp-content\/uploads\/2024\/01\/006-150x150.jpg 150w, https:\/\/gaysauna.lv\/lv\/wp-content\/uploads\/2024\/01\/006-100x100.jpg 100w\" sizes=\"auto, 100vw\" \/><\/a>\n\t\t\t<\/div>\n\t\t\t\t<figcaption class='wp-caption-text gallery-caption' id='gallery-1-381'>\n\t\t\t\tSauna\n\t\t\t\t<\/figcaption><\/figure><figure class='gallery-item'>\n\t\t\t<div class='gallery-icon landscape'>\n\t\t\t\t<a href='https:\/\/gaysauna.lv\/lv\/wp-content\/uploads\/2024\/01\/001-e1705433113298.jpg'><img loading=\"lazy\" decoding=\"async\" width=\"150\" height=\"150\" src=\"https:\/\/gaysauna.lv\/lv\/wp-content\/uploads\/2024\/01\/001-e1705433113298-150x150.jpg\" class=\"attachment-thumbnail size-thumbnail\" alt=\"Individu\u0101l\u0101s kab\u012bnes\" aria-describedby=\"gallery-1-391\" srcset=\"https:\/\/gaysauna.lv\/lv\/wp-content\/uploads\/2024\/01\/001-e1705433113298-150x150.jpg 150w, https:\/\/gaysauna.lv\/lv\/wp-content\/uploads\/2024\/01\/001-e1705433113298-100x100.jpg 100w\" sizes=\"auto, 100vw\" \/><\/a>\n\t\t\t<\/div>\n\t\t\t\t<figcaption class='wp-caption-text gallery-caption' id='gallery-1-391'>\n\t\t\t\tIndividu\u0101l\u0101s kab\u012bnes\n\t\t\t\t<\/figcaption><\/figure><figure class='gallery-item'>\n\t\t\t<div class='gallery-icon landscape'>\n\t\t\t\t<a href='https:\/\/gaysauna.lv\/lv\/wp-content\/uploads\/2024\/01\/002-e1705433014406.jpg'><img loading=\"lazy\" decoding=\"async\" width=\"150\" height=\"150\" src=\"https:\/\/gaysauna.lv\/lv\/wp-content\/uploads\/2024\/01\/002-e1705433014406-150x150.jpg\" class=\"attachment-thumbnail size-thumbnail\" alt=\"Atp\u016btas z\u0101le\" aria-describedby=\"gallery-1-392\" srcset=\"https:\/\/gaysauna.lv\/lv\/wp-content\/uploads\/2024\/01\/002-e1705433014406-150x150.jpg 150w, https:\/\/gaysauna.lv\/lv\/wp-content\/uploads\/2024\/01\/002-e1705433014406-100x100.jpg 100w\" sizes=\"auto, 100vw\" \/><\/a>\n\t\t\t<\/div>\n\t\t\t\t<figcaption class='wp-caption-text gallery-caption' id='gallery-1-392'>\n\t\t\t\tAtp\u016btas z\u0101le\n\t\t\t\t<\/figcaption><\/figure><figure class='gallery-item'>\n\t\t\t<div class='gallery-icon landscape'>\n\t\t\t\t<a href='https:\/\/gaysauna.lv\/lv\/wp-content\/uploads\/2024\/01\/009-done-e1705433069135.jpg'><img loading=\"lazy\" decoding=\"async\" width=\"150\" height=\"150\" src=\"https:\/\/gaysauna.lv\/lv\/wp-content\/uploads\/2024\/01\/009-done-e1705433069135-150x150.jpg\" class=\"attachment-thumbnail size-thumbnail\" alt=\"Sl\u0113dzami skap\u012b\u0161i\" aria-describedby=\"gallery-1-393\" srcset=\"https:\/\/gaysauna.lv\/lv\/wp-content\/uploads\/2024\/01\/009-done-e1705433069135-150x150.jpg 150w, https:\/\/gaysauna.lv\/lv\/wp-content\/uploads\/2024\/01\/009-done-e1705433069135-100x100.jpg 100w\" sizes=\"auto, 100vw\" \/><\/a>\n\t\t\t<\/div>\n\t\t\t\t<figcaption class='wp-caption-text gallery-caption' id='gallery-1-393'>\n\t\t\t\tSl\u0113dzami skap\u012b\u0161i\n\t\t\t\t<\/figcaption><\/figure>\n\t\t<\/div>\n\n","protected":false},"excerpt":{"rendered":"","protected":false},"author":1,"featured_media":0,"parent":0,"menu_order":0,"comment_status":"closed","ping_status":"closed","template":"","meta":{"footnotes":""},"class_list":["post-330","page","type-page","status-publish","hentry"],"_links":{"self":[{"href":"https:\/\/gaysauna.lv\/lv\/wp-json\/wp\/v2\/pages\/330","targetHints":{"allow":["GET"]}}],"collection":[{"href":"https:\/\/gaysauna.lv\/lv\/wp-json\/wp\/v2\/pages"}],"about":[{"href":"https:\/\/gaysauna.lv\/lv\/wp-json\/wp\/v2\/types\/page"}],"author":[{"embeddable":true,"href":"https:\/\/gaysauna.lv\/lv\/wp-json\/wp\/v2\/users\/1"}],"replies":[{"embeddable":true,"href":"https:\/\/gaysauna.lv\/lv\/wp-json\/wp\/v2\/comments?post=330"}],"version-history":[{"count":9,"href":"https:\/\/gaysauna.lv\/lv\/wp-json\/wp\/v2\/pages\/330\/revisions"}],"predecessor-version":[{"id":425,"href":"https:\/\/gaysauna.lv\/lv\/wp-json\/wp\/v2\/pages\/330\/revisions\/425"}],"wp:attachment":[{"href":"https:\/\/gaysauna.lv\/lv\/wp-json\/wp\/v2\/media?parent=330"}],"curies":[{"name":"wp","href":"https:\/\/api.w.org\/{rel}","templated":true}]}}