{"id":196,"date":"2018-06-04T18:08:28","date_gmt":"2018-06-04T16:08:28","guid":{"rendered":"http:\/\/gaysauna.lv\/?page_id=196"},"modified":"2023-04-28T20:10:08","modified_gmt":"2023-04-28T18:10:08","slug":"privatuma-politika","status":"publish","type":"page","link":"https:\/\/gaysauna.lv\/lv\/privatuma-politika\/","title":{"rendered":"Priv\u0101tuma politika"},"content":{"rendered":"<h2>Kas m\u0113s esam<\/h2>\n<p>M\u016bsu t\u012bmek\u013ca vietnes adrese ir: &#8220;https:\/\/gaysauna.lv&#8221;.<br \/>\nUz\u0146\u0113mums: SIA &#8220;Politest&#8221;<\/p>\n<h2>K\u0101dus personas datus m\u0113s v\u0101cam un k\u0101p\u0113c m\u0113s to dar\u0101m<\/h2>\n<h3>Datu aizsardz\u012bbas atruna<\/h3>\n<p>SIA &#8220;Politest&#8221; ar \u0161o apliecina, ka inform\u0101cija un personas dati, ko J\u016bs esat iesniedzis saist\u012bb\u0101 ar personu neidentific\u0113jo\u0161u t\u012bmek\u013ca vietnes apmekl\u0113\u0161anas statistikas datu v\u0101k\u0161anu, tiks apkopoti, apstr\u0101d\u0101ti un glab\u0101ti saska\u0146\u0101 ar Eiropas Savien\u012bbas normat\u012bvo aktu pras\u012bb\u0101m attiec\u012bb\u0101 uz personas datu aizsardz\u012bbu.<\/p>\n<p>Iesniedzot savus datus J\u016bs piekr\u012btat, ka dati tiek apstr\u0101d\u0101ti un uzglab\u0101ti visu \u0161eit nor\u0101d\u012bto datu apstr\u0101des laiku, k\u0101 ar\u012b normat\u012bvajos aktos noteiktajos gad\u012bjumos p\u0113c s\u0101kotn\u0113j\u0101s datu apstr\u0101des tik ilgi, cik tas b\u016btu nepiecie\u0161ams.<\/p>\n<p>Sav\u0101ktie dati netiks nodoti tre\u0161aj\u0101m person\u0101m, iz\u0146emot, ja tas b\u016btu nepiecie\u0161ams \u0161eit noteikt\u0101s datu apstr\u0101des nol\u016bkiem, vai ja \u0161\u0101du pien\u0101kumu uzliek normat\u012bvie akti.<\/p>\n<h2>S\u012bkdatnes<\/h2>\n<p>Anal\u012btisk\u0101s s\u012bkdatnes apkopo inform\u0101ciju, k\u0101 J\u016bs lietojat t\u012bmek\u013ca vietni, konstat\u0113 bie\u017e\u0101k apmekl\u0113t\u0101s vietnes sada\u013cas, ieskaitot saturu, kuru J\u016bs izv\u0113laties, p\u0101rl\u016bkojot vietni. \u0160\u012b inform\u0101cija tiek lietota anal\u012bzes nol\u016bkos, lai noskaidrotu, kas interes\u0113 vietnes lietot\u0101jus, un var\u0113tu uzlabot vietnes funkcionalit\u0101ti, padar\u012bt to \u0113rt\u0101k lietojamu. Anal\u012btisk\u0101s s\u012bkdatnes identific\u0113 tikai J\u016bsu iek\u0101rtu, ta\u010du neizpau\u017e J\u016bsu identit\u0101ti.<\/p>\n<h3>Iegultais saturs no cit\u0101m vietn\u0113m<\/h3>\n<p>\u0160aj\u0101 vietn\u0113 ietvertie raksti var ietvert iegulto saturu (piem\u0113ram, videoklipus, att\u0113lus, rakstus, karti utt.). Iegultais saturs no cit\u0101m vietn\u0113m darbojas t\u0101pat k\u0101 tad, ja apmekl\u0113t\u0101js ir apmekl\u0113jis citu vietni.<\/p>\n<p>\u0160\u012bs vietnes var apkopot datus par Jums, izmantot s\u012bkfailus, iegult papildu tre\u0161\u0101s puses izseko\u0161anu un p\u0101rraudz\u012bt j\u016bsu mijiedarb\u012bbu ar \u0161o iegulto saturu, tostarp izsekot mijiedarb\u012bbu ar iegulto saturu, ja jums ir konts un esat pieteicies \u0161aj\u0101 t\u012bmek\u013ca vietn\u0113.<\/p>\n<h2>Anal\u012btika<\/h2>\n<h3>Cik ilgi m\u0113s saglab\u0101jam j\u016bsu datus<\/h3>\n<p>Datu glab\u0101\u0161anas periods ir noteikts 38 m\u0113ne\u0161u apm\u0113r\u0101. Visi dati, kas ir vec\u0101ki par \u0161o termi\u0146u tiek autom\u0101tiski dz\u0113sti.<\/p>\n<h2>J\u016bsu ties\u012bbas<\/h2>\n<p>Jums ir ties\u012bbas jebkur\u0101 laik\u0101 pras\u012bt savu datu atjauno\u0161anu, inform\u0101ciju par J\u016bsu personas datu lieto\u0161anu, k\u0101 ar\u012b pras\u012bt savu datu dz\u0113\u0161anu.<\/p>\n","protected":false},"excerpt":{"rendered":"<p>Kas m\u0113s esam M\u016bsu t\u012bmek\u013ca vietnes adrese ir: &#8220;https:\/\/gaysauna.lv&#8221;. Uz\u0146\u0113mums: SIA &#8220;Politest&#8221; K\u0101dus personas datus m\u0113s v\u0101cam un k\u0101p\u0113c m\u0113s to dar\u0101m Datu aizsardz\u012bbas atruna SIA &#8220;Politest&#8221; ar \u0161o apliecina, ka inform\u0101cija un personas dati, ko J\u016bs esat iesniedzis saist\u012bb\u0101 ar personu neidentific\u0113jo\u0161u t\u012bmek\u013ca vietnes apmekl\u0113\u0161anas statistikas datu v\u0101k\u0161anu, tiks apkopoti, apstr\u0101d\u0101ti un glab\u0101ti saska\u0146\u0101 &hellip; <\/p>\n<p class=\"link-more\"><a href=\"https:\/\/gaysauna.lv\/lv\/privatuma-politika\/\" class=\"more-link\">Continue reading<span class=\"screen-reader-text\"> &#8220;Priv\u0101tuma politika&#8221;<\/span><\/a><\/p>\n","protected":false},"author":1,"featured_media":0,"parent":0,"menu_order":0,"comment_status":"closed","ping_status":"closed","template":"","meta":{"footnotes":""},"class_list":["post-196","page","type-page","status-publish","hentry"],"_links":{"self":[{"href":"https:\/\/gaysauna.lv\/lv\/wp-json\/wp\/v2\/pages\/196","targetHints":{"allow":["GET"]}}],"collection":[{"href":"https:\/\/gaysauna.lv\/lv\/wp-json\/wp\/v2\/pages"}],"about":[{"href":"https:\/\/gaysauna.lv\/lv\/wp-json\/wp\/v2\/types\/page"}],"author":[{"embeddable":true,"href":"https:\/\/gaysauna.lv\/lv\/wp-json\/wp\/v2\/users\/1"}],"replies":[{"embeddable":true,"href":"https:\/\/gaysauna.lv\/lv\/wp-json\/wp\/v2\/comments?post=196"}],"version-history":[{"count":11,"href":"https:\/\/gaysauna.lv\/lv\/wp-json\/wp\/v2\/pages\/196\/revisions"}],"predecessor-version":[{"id":305,"href":"https:\/\/gaysauna.lv\/lv\/wp-json\/wp\/v2\/pages\/196\/revisions\/305"}],"wp:attachment":[{"href":"https:\/\/gaysauna.lv\/lv\/wp-json\/wp\/v2\/media?parent=196"}],"curies":[{"name":"wp","href":"https:\/\/api.w.org\/{rel}","templated":true}]}}